{"id":14,"date":"2025-06-02T18:54:31","date_gmt":"2025-06-02T21:54:31","guid":{"rendered":"https:\/\/wpracetech.com\/?page_id=14"},"modified":"2025-06-03T14:06:48","modified_gmt":"2025-06-03T17:06:48","slug":"contactanos","status":"publish","type":"page","link":"https:\/\/wpracetech.com\/es_es\/contactanos\/","title":{"rendered":"Cont\u00e1ctenos"},"content":{"rendered":"<p>Agradecemos sus preguntas, sugerencias y comentarios. En <strong>Wpracetech<\/strong>Valoramos la comunicaci\u00f3n clara y directa. Si desea contactarnos, revise la informaci\u00f3n a continuaci\u00f3n.<\/p>\n\n\n\n<h2 class=\"wp-block-heading\">M\u00e9todo de contacto oficial<\/h2>\n\n\n\n<p><strong>Correo electr\u00f3nico:<\/strong> <a>soporte.ads@wpracetech.com<\/a><\/p>\n\n\n\n<p>Este es nuestro \u00fanico canal de contacto. No utilizamos formularios de contacto, redes sociales ni chats automatizados. Toda la correspondencia se gestiona de forma manual y profesional por correo electr\u00f3nico.<\/p>\n\n\n\n<h2 class=\"wp-block-heading\">Cu\u00e1ndo contactarnos<\/h2>\n\n\n\n<p>No dudes en contactarnos por los siguientes motivos:<\/p>\n\n\n\n<ul class=\"wp-block-list\">\n<li>Preguntas sobre nuestro contenido o funcionalidad del sitio web<\/li>\n\n\n\n<li>Informar sobre enlaces rotos o informaci\u00f3n incorrecta<\/li>\n\n\n\n<li>Sugerir nuevos temas, categor\u00edas o funciones<\/li>\n\n\n\n<li>Preocupaciones sobre la privacidad, seguridad o datos personales<\/li>\n\n\n\n<li>Consultas publicitarias o comentarios relacionados con el sitio web<\/li>\n<\/ul>\n\n\n\n<h2 class=\"wp-block-heading\">Tiempo de respuesta<\/h2>\n\n\n\n<p>Nuestro objetivo es responder a todos los correos electr\u00f3nicos dentro de <strong>24 a 48 horas h\u00e1biles<\/strong>De lunes a viernes. Los mensajes enviados los fines de semana o d\u00edas festivos se revisar\u00e1n el siguiente d\u00eda h\u00e1bil.<\/p>\n\n\n\n<h2 class=\"wp-block-heading\">Notas importantes<\/h2>\n\n\n\n<ul class=\"wp-block-list\">\n<li>Nosotros lo hacemos <strong>no<\/strong> Proporcionar soporte t\u00e9cnico para aplicaciones de terceros revisadas en nuestro sitio.<\/li>\n\n\n\n<li>Nosotros lo hacemos <strong>no<\/strong> solicitar contrase\u00f1as, informaci\u00f3n de pago o datos personales bajo ninguna circunstancia.<\/li>\n\n\n\n<li>Nos reservamos el derecho de ignorar los mensajes que sean inapropiados, irrelevantes o claramente destinados a ser spam.<\/li>\n<\/ul>\n\n\n\n<h2 class=\"wp-block-heading\">Datos y confidencialidad<\/h2>\n\n\n\n<p>Todos los mensajes recibidos se tratan de forma confidencial. No almacenamos ni vendemos su informaci\u00f3n, y nunca a\u00f1adiremos su correo electr\u00f3nico a ninguna lista de correo. Para m\u00e1s informaci\u00f3n, consulte nuestra <a>pol\u00edtica de privacidad<\/a>.<\/p>\n\n\n\n<hr class=\"wp-block-separator has-alpha-channel-opacity\"\/>\n\n\n\n<p>Gracias por visitarnos <strong>Wpracetech<\/strong>Tus comentarios nos ayudan a mejorar y garantizan que sigamos ofreciendo contenido confiable y de alta calidad. Esperamos tener noticias tuyas.<\/p>","protected":false},"excerpt":{"rendered":"<p>Agradecemos sus preguntas, sugerencias y comentarios. En Wpracetech, valoramos la comunicaci\u00f3n clara y directa. Si desea contactarnos, revise la informaci\u00f3n a continuaci\u00f3n. M\u00e9todo de contacto oficial: Correo electr\u00f3nico: suporte.ads@wpracetech.com. Este es nuestro \u00fanico canal de contacto. No utilizamos formularios de contacto, redes sociales ni sistemas de chat automatizados. Toda la correspondencia\u2026<\/p>","protected":false},"author":2,"featured_media":0,"parent":0,"menu_order":0,"comment_status":"closed","ping_status":"closed","template":"","meta":{"_kad_post_transparent":"","_kad_post_title":"","_kad_post_layout":"","_kad_post_sidebar_id":"","_kad_post_content_style":"","_kad_post_vertical_padding":"","_kad_post_feature":"","_kad_post_feature_position":"","_kad_post_header":false,"_kad_post_footer":false,"footnotes":""},"class_list":["post-14","page","type-page","status-publish","hentry"],"yoast_head":"<!-- This site is optimized with the Yoast SEO plugin v27.4 - https:\/\/yoast.com\/product\/yoast-seo-wordpress\/ -->\n<title>Contact Us - wpracetech.com<\/title>\n<meta name=\"robots\" content=\"index, follow, max-snippet:-1, max-image-preview:large, max-video-preview:-1\" \/>\n<link rel=\"canonical\" href=\"https:\/\/wpracetech.com\/es_es\/contactanos\/\" \/>\n<meta property=\"og:locale\" content=\"es_MX\" \/>\n<meta property=\"og:type\" content=\"article\" \/>\n<meta property=\"og:title\" content=\"Contact Us - wpracetech.com\" \/>\n<meta property=\"og:description\" content=\"We welcome your questions, suggestions, and feedback. At Wpracetech, we value clear and direct communication. If you wish to get in touch with us, please review the information below. Official Contact Method Email: suporte.ads@wpracetech.com This is our only contact channel. We do not use contact forms, social media messaging, or automated chat systems. All correspondence...\" \/>\n<meta property=\"og:url\" content=\"https:\/\/wpracetech.com\/es_es\/contactanos\/\" \/>\n<meta property=\"og:site_name\" content=\"wpracetech.com\" \/>\n<meta property=\"article:modified_time\" content=\"2025-06-03T17:06:48+00:00\" \/>\n<meta name=\"twitter:card\" content=\"summary_large_image\" \/>\n<meta name=\"twitter:label1\" content=\"Tiempo de lectura\" \/>\n\t<meta name=\"twitter:data1\" content=\"2 minutos\" \/>\n<script type=\"application\/ld+json\" class=\"yoast-schema-graph\">{\"@context\":\"https:\\\/\\\/schema.org\",\"@graph\":[{\"@type\":\"WebPage\",\"@id\":\"https:\\\/\\\/wpracetech.com\\\/contactanos\\\/\",\"url\":\"https:\\\/\\\/wpracetech.com\\\/contactanos\\\/\",\"name\":\"Contact Us - wpracetech.com\",\"isPartOf\":{\"@id\":\"https:\\\/\\\/wpracetech.com\\\/#website\"},\"datePublished\":\"2025-06-02T21:54:31+00:00\",\"dateModified\":\"2025-06-03T17:06:48+00:00\",\"breadcrumb\":{\"@id\":\"https:\\\/\\\/wpracetech.com\\\/contactanos\\\/#breadcrumb\"},\"inLanguage\":\"es\",\"potentialAction\":[{\"@type\":\"ReadAction\",\"target\":[\"https:\\\/\\\/wpracetech.com\\\/contactanos\\\/\"]}]},{\"@type\":\"BreadcrumbList\",\"@id\":\"https:\\\/\\\/wpracetech.com\\\/contactanos\\\/#breadcrumb\",\"itemListElement\":[{\"@type\":\"ListItem\",\"position\":1,\"name\":\"In\u00edcio\",\"item\":\"https:\\\/\\\/wpracetech.com\\\/\"},{\"@type\":\"ListItem\",\"position\":2,\"name\":\"Contact Us\"}]},{\"@type\":\"WebSite\",\"@id\":\"https:\\\/\\\/wpracetech.com\\\/#website\",\"url\":\"https:\\\/\\\/wpracetech.com\\\/\",\"name\":\"wpracetech.com\",\"description\":\"\",\"potentialAction\":[{\"@type\":\"SearchAction\",\"target\":{\"@type\":\"EntryPoint\",\"urlTemplate\":\"https:\\\/\\\/wpracetech.com\\\/?s={search_term_string}\"},\"query-input\":{\"@type\":\"PropertyValueSpecification\",\"valueRequired\":true,\"valueName\":\"search_term_string\"}}],\"inLanguage\":\"es\"}]}<\/script>\n<!-- \/ Yoast SEO plugin. -->","yoast_head_json":{"title":"Cont\u00e1ctenos - wpracetech.com","robots":{"index":"index","follow":"follow","max-snippet":"max-snippet:-1","max-image-preview":"max-image-preview:large","max-video-preview":"max-video-preview:-1"},"canonical":"https:\/\/wpracetech.com\/es_es\/contactanos\/","og_locale":"es_MX","og_type":"article","og_title":"Contact Us - wpracetech.com","og_description":"We welcome your questions, suggestions, and feedback. At Wpracetech, we value clear and direct communication. If you wish to get in touch with us, please review the information below. Official Contact Method Email: suporte.ads@wpracetech.com This is our only contact channel. We do not use contact forms, social media messaging, or automated chat systems. All correspondence...","og_url":"https:\/\/wpracetech.com\/es_es\/contactanos\/","og_site_name":"wpracetech.com","article_modified_time":"2025-06-03T17:06:48+00:00","twitter_card":"summary_large_image","twitter_misc":{"Tiempo de lectura":"2 minutos"},"schema":{"@context":"https:\/\/schema.org","@graph":[{"@type":"WebPage","@id":"https:\/\/wpracetech.com\/contactanos\/","url":"https:\/\/wpracetech.com\/contactanos\/","name":"Cont\u00e1ctenos - wpracetech.com","isPartOf":{"@id":"https:\/\/wpracetech.com\/#website"},"datePublished":"2025-06-02T21:54:31+00:00","dateModified":"2025-06-03T17:06:48+00:00","breadcrumb":{"@id":"https:\/\/wpracetech.com\/contactanos\/#breadcrumb"},"inLanguage":"es","potentialAction":[{"@type":"ReadAction","target":["https:\/\/wpracetech.com\/contactanos\/"]}]},{"@type":"BreadcrumbList","@id":"https:\/\/wpracetech.com\/contactanos\/#breadcrumb","itemListElement":[{"@type":"ListItem","position":1,"name":"In\u00edcio","item":"https:\/\/wpracetech.com\/"},{"@type":"ListItem","position":2,"name":"Contact Us"}]},{"@type":"WebSite","@id":"https:\/\/wpracetech.com\/#website","url":"https:\/\/wpracetech.com\/","name":"wpracetech.com","description":"","potentialAction":[{"@type":"SearchAction","target":{"@type":"EntryPoint","urlTemplate":"https:\/\/wpracetech.com\/?s={search_term_string}"},"query-input":{"@type":"PropertyValueSpecification","valueRequired":true,"valueName":"search_term_string"}}],"inLanguage":"es"}]}},"_links":{"self":[{"href":"https:\/\/wpracetech.com\/es_es\/wp-json\/wp\/v2\/pages\/14","targetHints":{"allow":["GET"]}}],"collection":[{"href":"https:\/\/wpracetech.com\/es_es\/wp-json\/wp\/v2\/pages"}],"about":[{"href":"https:\/\/wpracetech.com\/es_es\/wp-json\/wp\/v2\/types\/page"}],"author":[{"embeddable":true,"href":"https:\/\/wpracetech.com\/es_es\/wp-json\/wp\/v2\/users\/2"}],"replies":[{"embeddable":true,"href":"https:\/\/wpracetech.com\/es_es\/wp-json\/wp\/v2\/comments?post=14"}],"version-history":[{"count":2,"href":"https:\/\/wpracetech.com\/es_es\/wp-json\/wp\/v2\/pages\/14\/revisions"}],"predecessor-version":[{"id":86,"href":"https:\/\/wpracetech.com\/es_es\/wp-json\/wp\/v2\/pages\/14\/revisions\/86"}],"wp:attachment":[{"href":"https:\/\/wpracetech.com\/es_es\/wp-json\/wp\/v2\/media?parent=14"}],"curies":[{"name":"gracias","href":"https:\/\/api.w.org\/{rel}","templated":true}]}}