{"id":16,"date":"2025-06-02T18:54:53","date_gmt":"2025-06-02T21:54:53","guid":{"rendered":"https:\/\/wpracetech.com\/?page_id=16"},"modified":"2025-06-03T14:05:45","modified_gmt":"2025-06-03T17:05:45","slug":"sobre-nosotros","status":"publish","type":"page","link":"https:\/\/wpracetech.com\/es_es\/sobre-nosotros\/","title":{"rendered":"Sobre nosotros"},"content":{"rendered":"<p><strong>Wpracetech.com<\/strong> Es una plataforma independiente comprometida a ofrecer contenido confiable, accesible y actualizado sobre aplicaciones m\u00f3viles y herramientas digitales que optimizan el uso diario de la tecnolog\u00eda. Nuestra misi\u00f3n es ayudar a los usuarios a tomar mejores decisiones al elegir aplicaciones para mejorar el rendimiento, la privacidad, la velocidad o la funcionalidad general de sus smartphones.<\/p>\n\n\n\n<h2 class=\"wp-block-heading\">Nuestra misi\u00f3n<\/h2>\n\n\n\n<p>En un mundo saturado de aplicaciones y productos digitales, nuestro objetivo es simplificar la toma de decisiones. Publicamos informaci\u00f3n clara, objetiva y pr\u00e1ctica para guiar a los usuarios, independientemente de su experiencia t\u00e9cnica, a la hora de seleccionar las aplicaciones m\u00e1s eficaces disponibles.<\/p>\n\n\n\n<p>Creemos que la tecnolog\u00eda debe ser f\u00e1cil de usar, satisfacer sus necesidades y mejorar su experiencia digital, no complicarla.<\/p>\n\n\n\n<h2 class=\"wp-block-heading\">Lo que encontrar\u00e1s aqu\u00ed<\/h2>\n\n\n\n<p>En <strong>Wpracetech<\/strong>Nos centramos en:<\/p>\n\n\n\n<ul class=\"wp-block-list\">\n<li>Rese\u00f1as de aplicaciones m\u00f3viles \u00fatiles<\/li>\n\n\n\n<li>Soluciones a problemas comunes de los tel\u00e9fonos inteligentes<\/li>\n\n\n\n<li>Recomendaciones de aplicaciones para recuperaci\u00f3n de archivos, optimizaci\u00f3n del almacenamiento, protecci\u00f3n antivirus y m\u00e1s<\/li>\n\n\n\n<li>Herramientas de prueba de velocidad y rendimiento del sistema<\/li>\n\n\n\n<li>Aplicaciones centradas en la privacidad y consejos para una navegaci\u00f3n segura<\/li>\n<\/ul>\n\n\n\n<p>Nuestro contenido est\u00e1 escrito para usuarios que buscan respuestas pr\u00e1cticas, no trivialidades. Cada art\u00edculo est\u00e1 optimizado para SEO, verificado y estructurado para mayor claridad, priorizando siempre la experiencia del usuario y la seguridad digital.<\/p>\n\n\n\n<h2 class=\"wp-block-heading\">Independencia y Transparencia<\/h2>\n\n\n\n<p>No tenemos afiliaci\u00f3n directa con los desarrolladores ni las empresas responsables de las aplicaciones que analizamos. Nuestro contenido se basa en investigaciones independientes, comentarios de usuarios y datos p\u00fablicos disponibles a trav\u00e9s de fuentes oficiales como las tiendas de aplicaciones.<\/p>\n\n\n\n<p>No vendemos aplicaciones ni solicitamos datos personales. Nuestros ingresos provienen de la publicidad gestionada a trav\u00e9s de plataformas como Google AdSense, lo que nos permite ofrecer informaci\u00f3n gratuita e imparcial a nuestros lectores.<\/p>\n\n\n\n<h2 class=\"wp-block-heading\">Su privacidad es lo primero<\/h2>\n\n\n\n<p>Wpracetech no utiliza formularios de contacto ni ventanas emergentes intrusivas. No recopilamos datos confidenciales de los usuarios ni enviamos boletines informativos ni correos electr\u00f3nicos promocionales. Priorizamos estrictamente la privacidad. Puede obtener m\u00e1s informaci\u00f3n en nuestra <a>pol\u00edtica de privacidad<\/a>.<\/p>\n\n\n\n<h2 class=\"wp-block-heading\">C\u00f3mo contactarnos<\/h2>\n\n\n\n<p>Si tiene preguntas, sugerencias o desea informar un problema, no dude en comunicarse con nosotros por correo electr\u00f3nico:<\/p>\n\n\n\n<p><strong><a>soporte.ads@wpracetech.com<\/a><\/strong><\/p>\n\n\n\n<p>Respondemos a todos los mensajes dentro de un plazo razonable, normalmente dentro de las 48 horas h\u00e1biles.<\/p>\n\n\n\n<p>Gracias por visitarnos <strong>Wpracetech<\/strong>Ya sea que busques acelerar tu tel\u00e9fono, recuperar archivos borrados o explorar nuevas herramientas, estamos aqu\u00ed para ayudarte a tomar decisiones informadas, con el respaldo de la claridad, la eficiencia y la confianza.<\/p>","protected":false},"excerpt":{"rendered":"<p>Wpracetech.com is an independent platform committed to providing reliable, accessible, and up-to-date content about mobile apps and digital tools that enhance everyday technology use. Our mission is to help users make better decisions when choosing applications to improve performance, privacy, speed, or overall smartphone functionality. Our Mission In a world overloaded with apps and digital&#8230;<\/p>","protected":false},"author":2,"featured_media":0,"parent":0,"menu_order":0,"comment_status":"closed","ping_status":"closed","template":"","meta":{"_kad_post_transparent":"","_kad_post_title":"","_kad_post_layout":"","_kad_post_sidebar_id":"","_kad_post_content_style":"","_kad_post_vertical_padding":"","_kad_post_feature":"","_kad_post_feature_position":"","_kad_post_header":false,"_kad_post_footer":false,"footnotes":""},"class_list":["post-16","page","type-page","status-publish","hentry"],"yoast_head":"<!-- This site is optimized with the Yoast SEO plugin v27.4 - https:\/\/yoast.com\/product\/yoast-seo-wordpress\/ -->\n<title>About Us - wpracetech.com<\/title>\n<meta name=\"robots\" content=\"index, follow, max-snippet:-1, max-image-preview:large, max-video-preview:-1\" \/>\n<link rel=\"canonical\" href=\"https:\/\/wpracetech.com\/es_es\/sobre-nosotros\/\" \/>\n<meta property=\"og:locale\" content=\"es_MX\" \/>\n<meta property=\"og:type\" content=\"article\" \/>\n<meta property=\"og:title\" content=\"About Us - wpracetech.com\" \/>\n<meta property=\"og:description\" content=\"Wpracetech.com is an independent platform committed to providing reliable, accessible, and up-to-date content about mobile apps and digital tools that enhance everyday technology use. Our mission is to help users make better decisions when choosing applications to improve performance, privacy, speed, or overall smartphone functionality. Our Mission In a world overloaded with apps and digital...\" \/>\n<meta property=\"og:url\" content=\"https:\/\/wpracetech.com\/es_es\/sobre-nosotros\/\" \/>\n<meta property=\"og:site_name\" content=\"wpracetech.com\" \/>\n<meta property=\"article:modified_time\" content=\"2025-06-03T17:05:45+00:00\" \/>\n<meta name=\"twitter:card\" content=\"summary_large_image\" \/>\n<meta name=\"twitter:label1\" content=\"Tiempo de lectura\" \/>\n\t<meta name=\"twitter:data1\" content=\"3 minutos\" \/>\n<script type=\"application\/ld+json\" class=\"yoast-schema-graph\">{\"@context\":\"https:\\\/\\\/schema.org\",\"@graph\":[{\"@type\":\"WebPage\",\"@id\":\"https:\\\/\\\/wpracetech.com\\\/sobre-nosotros\\\/\",\"url\":\"https:\\\/\\\/wpracetech.com\\\/sobre-nosotros\\\/\",\"name\":\"About Us - wpracetech.com\",\"isPartOf\":{\"@id\":\"https:\\\/\\\/wpracetech.com\\\/#website\"},\"datePublished\":\"2025-06-02T21:54:53+00:00\",\"dateModified\":\"2025-06-03T17:05:45+00:00\",\"breadcrumb\":{\"@id\":\"https:\\\/\\\/wpracetech.com\\\/sobre-nosotros\\\/#breadcrumb\"},\"inLanguage\":\"es\",\"potentialAction\":[{\"@type\":\"ReadAction\",\"target\":[\"https:\\\/\\\/wpracetech.com\\\/sobre-nosotros\\\/\"]}]},{\"@type\":\"BreadcrumbList\",\"@id\":\"https:\\\/\\\/wpracetech.com\\\/sobre-nosotros\\\/#breadcrumb\",\"itemListElement\":[{\"@type\":\"ListItem\",\"position\":1,\"name\":\"In\u00edcio\",\"item\":\"https:\\\/\\\/wpracetech.com\\\/\"},{\"@type\":\"ListItem\",\"position\":2,\"name\":\"About Us\"}]},{\"@type\":\"WebSite\",\"@id\":\"https:\\\/\\\/wpracetech.com\\\/#website\",\"url\":\"https:\\\/\\\/wpracetech.com\\\/\",\"name\":\"wpracetech.com\",\"description\":\"\",\"potentialAction\":[{\"@type\":\"SearchAction\",\"target\":{\"@type\":\"EntryPoint\",\"urlTemplate\":\"https:\\\/\\\/wpracetech.com\\\/?s={search_term_string}\"},\"query-input\":{\"@type\":\"PropertyValueSpecification\",\"valueRequired\":true,\"valueName\":\"search_term_string\"}}],\"inLanguage\":\"es\"}]}<\/script>\n<!-- \/ Yoast SEO plugin. -->","yoast_head_json":{"title":"About Us - wpracetech.com","robots":{"index":"index","follow":"follow","max-snippet":"max-snippet:-1","max-image-preview":"max-image-preview:large","max-video-preview":"max-video-preview:-1"},"canonical":"https:\/\/wpracetech.com\/es_es\/sobre-nosotros\/","og_locale":"es_MX","og_type":"article","og_title":"About Us - wpracetech.com","og_description":"Wpracetech.com is an independent platform committed to providing reliable, accessible, and up-to-date content about mobile apps and digital tools that enhance everyday technology use. Our mission is to help users make better decisions when choosing applications to improve performance, privacy, speed, or overall smartphone functionality. Our Mission In a world overloaded with apps and digital...","og_url":"https:\/\/wpracetech.com\/es_es\/sobre-nosotros\/","og_site_name":"wpracetech.com","article_modified_time":"2025-06-03T17:05:45+00:00","twitter_card":"summary_large_image","twitter_misc":{"Tiempo de lectura":"3 minutos"},"schema":{"@context":"https:\/\/schema.org","@graph":[{"@type":"WebPage","@id":"https:\/\/wpracetech.com\/sobre-nosotros\/","url":"https:\/\/wpracetech.com\/sobre-nosotros\/","name":"About Us - wpracetech.com","isPartOf":{"@id":"https:\/\/wpracetech.com\/#website"},"datePublished":"2025-06-02T21:54:53+00:00","dateModified":"2025-06-03T17:05:45+00:00","breadcrumb":{"@id":"https:\/\/wpracetech.com\/sobre-nosotros\/#breadcrumb"},"inLanguage":"es","potentialAction":[{"@type":"ReadAction","target":["https:\/\/wpracetech.com\/sobre-nosotros\/"]}]},{"@type":"BreadcrumbList","@id":"https:\/\/wpracetech.com\/sobre-nosotros\/#breadcrumb","itemListElement":[{"@type":"ListItem","position":1,"name":"In\u00edcio","item":"https:\/\/wpracetech.com\/"},{"@type":"ListItem","position":2,"name":"About Us"}]},{"@type":"WebSite","@id":"https:\/\/wpracetech.com\/#website","url":"https:\/\/wpracetech.com\/","name":"wpracetech.com","description":"","potentialAction":[{"@type":"SearchAction","target":{"@type":"EntryPoint","urlTemplate":"https:\/\/wpracetech.com\/?s={search_term_string}"},"query-input":{"@type":"PropertyValueSpecification","valueRequired":true,"valueName":"search_term_string"}}],"inLanguage":"es"}]}},"_links":{"self":[{"href":"https:\/\/wpracetech.com\/es_es\/wp-json\/wp\/v2\/pages\/16","targetHints":{"allow":["GET"]}}],"collection":[{"href":"https:\/\/wpracetech.com\/es_es\/wp-json\/wp\/v2\/pages"}],"about":[{"href":"https:\/\/wpracetech.com\/es_es\/wp-json\/wp\/v2\/types\/page"}],"author":[{"embeddable":true,"href":"https:\/\/wpracetech.com\/es_es\/wp-json\/wp\/v2\/users\/2"}],"replies":[{"embeddable":true,"href":"https:\/\/wpracetech.com\/es_es\/wp-json\/wp\/v2\/comments?post=16"}],"version-history":[{"count":3,"href":"https:\/\/wpracetech.com\/es_es\/wp-json\/wp\/v2\/pages\/16\/revisions"}],"predecessor-version":[{"id":85,"href":"https:\/\/wpracetech.com\/es_es\/wp-json\/wp\/v2\/pages\/16\/revisions\/85"}],"wp:attachment":[{"href":"https:\/\/wpracetech.com\/es_es\/wp-json\/wp\/v2\/media?parent=16"}],"curies":[{"name":"gracias","href":"https:\/\/api.w.org\/{rel}","templated":true}]}}