{"id":3,"date":"2025-06-02T18:07:00","date_gmt":"2025-06-02T18:07:00","guid":{"rendered":"http:\/\/wpracetech.com\/?page_id=3"},"modified":"2025-06-03T13:54:06","modified_gmt":"2025-06-03T16:54:06","slug":"privacy-policy","status":"publish","type":"page","link":"https:\/\/wpracetech.com\/es_es\/privacy-policy\/","title":{"rendered":"pol\u00edtica de privacidad"},"content":{"rendered":"<p><strong>Fecha de entrada en vigor:<\/strong> 02\/03.\/025<\/p>\n\n\n\n<p>En Wpracetech, nos comprometemos a proteger su informaci\u00f3n personal y su derecho a la privacidad. Esta Pol\u00edtica de Privacidad describe c\u00f3mo recopilamos, usamos y protegemos su informaci\u00f3n cuando visita nuestro sitio web.<a class=\"\" href=\"https:\/\/wpracetech.com\/es_es\/\">https:\/\/wpracetech.com<\/a>] y utilizar nuestros servicios. Si tiene alguna pregunta o inquietud sobre esta pol\u00edtica o nuestras pr\u00e1cticas, cont\u00e1ctenos en <strong><a>soporte.ads@wpracetech.com<\/a><\/strong>.<\/p>\n\n\n\n<h2 class=\"wp-block-heading\">1. Informaci\u00f3n que recopilamos<\/h2>\n\n\n\n<p>Recopilamos informaci\u00f3n de diversas maneras. Los tipos de informaci\u00f3n que podemos recopilar incluyen:<\/p>\n\n\n\n<h3 class=\"wp-block-heading\">a. Informaci\u00f3n personal que usted nos divulga<\/h3>\n\n\n\n<p>Recopilamos la informaci\u00f3n personal que usted proporciona voluntariamente al contactarnos directamente por correo electr\u00f3nico o al suscribirse a futuros boletines o actualizaciones. Esto puede incluir:<\/p>\n\n\n\n<ul class=\"wp-block-list\">\n<li>Tu nombre completo<\/li>\n\n\n\n<li>Direcci\u00f3n de correo electr\u00f3nico<\/li>\n\n\n\n<li>Cualquier otra informaci\u00f3n que incluyas en tu mensaje<\/li>\n<\/ul>\n\n\n\n<h3 class=\"wp-block-heading\">b. Informaci\u00f3n recopilada autom\u00e1ticamente<\/h3>\n\n\n\n<p>Cuando visita nuestro sitio web, se recopila autom\u00e1ticamente cierta informaci\u00f3n mediante herramientas como cookies, balizas web y archivos de registro. Esto puede incluir:<\/p>\n\n\n\n<ul class=\"wp-block-list\">\n<li>Direcci\u00f3n IP<\/li>\n\n\n\n<li>Tipo y versi\u00f3n del navegador<\/li>\n\n\n\n<li>Tipo de dispositivo y sistema operativo<\/li>\n\n\n\n<li>P\u00e1ginas visitadas y tiempo empleado<\/li>\n\n\n\n<li>URL de referencia<\/li>\n<\/ul>\n\n\n\n<p>Esta informaci\u00f3n se utiliza principalmente para an\u00e1lisis y para mejorar el rendimiento de nuestro sitio web.<\/p>\n\n\n\n<h2 class=\"wp-block-heading\">2. C\u00f3mo usamos su informaci\u00f3n<\/h2>\n\n\n\n<p>Utilizamos la informaci\u00f3n recopilada de las siguientes maneras:<\/p>\n\n\n\n<ul class=\"wp-block-list\">\n<li>Para mantener y operar el sitio web<\/li>\n\n\n\n<li>Para responder a sus consultas o solicitudes de soporte<\/li>\n\n\n\n<li>Para mejorar la funcionalidad y la experiencia del usuario<\/li>\n\n\n\n<li>Para analizar tendencias y realizar un seguimiento del uso<\/li>\n\n\n\n<li>Para cumplir con las leyes y regulaciones aplicables<\/li>\n<\/ul>\n\n\n\n<p>Tambi\u00e9n podemos utilizar datos agregados y an\u00f3nimos para investigaciones internas y fines estad\u00edsticos.<\/p>\n\n\n\n<h2 class=\"wp-block-heading\">3. Intercambio de informaci\u00f3n<\/h2>\n\n\n\n<p>No vendemos, alquilamos ni compartimos su informaci\u00f3n personal con terceros para fines promocionales. Podr\u00edamos compartir informaci\u00f3n en las siguientes circunstancias:<\/p>\n\n\n\n<ul class=\"wp-block-list\">\n<li><strong>Proveedores de servicios:<\/strong> Podr\u00edamos compartir su informaci\u00f3n con proveedores externos y socios de hosting que nos ayudan a gestionar nuestro sitio web y nuestros servicios. Estos socios est\u00e1n sujetos a acuerdos de confidencialidad.<\/li>\n\n\n\n<li><strong>Obligaciones legales:<\/strong> Podemos divulgar su informaci\u00f3n si lo requiere la ley o para proteger los derechos, la propiedad o la seguridad de Wpracetech, nuestros usuarios u otros.<\/li>\n\n\n\n<li><strong>Transferencias de Negocios:<\/strong> En caso de fusi\u00f3n, venta o adquisici\u00f3n de activos, la informaci\u00f3n del usuario puede estar entre los activos transferidos.<\/li>\n<\/ul>\n\n\n\n<h2 class=\"wp-block-heading\">4. Cookies y tecnolog\u00edas de seguimiento<\/h2>\n\n\n\n<p>Utilizamos cookies y tecnolog\u00edas similares para mejorar su experiencia en nuestro sitio web. Las cookies son peque\u00f1os archivos de datos que se almacenan en su dispositivo y nos ayudan a recordar las preferencias del usuario y a mejorar el rendimiento.<\/p>\n\n\n\n<p>Tipos de cookies utilizadas:<\/p>\n\n\n\n<ul class=\"wp-block-list\">\n<li><strong>Cookies esenciales:<\/strong> Necesario para el funcionamiento del sitio web<\/li>\n\n\n\n<li><strong>Cookies de rendimiento:<\/strong> Ay\u00fadanos a comprender c\u00f3mo interact\u00faan los usuarios con el sitio web.<\/li>\n\n\n\n<li><strong>Cookies publicitarias:<\/strong> Utilizado por Google AdSense para mostrar anuncios relevantes.<\/li>\n<\/ul>\n\n\n\n<p>Puede modificar la configuraci\u00f3n de su navegador para desactivar las cookies, pero hacerlo puede afectar la usabilidad de nuestro sitio.<\/p>\n\n\n\n<h2 class=\"wp-block-heading\">5. Publicidad de terceros<\/h2>\n\n\n\n<p>Nuestro sitio web utiliza Google AdSense para mostrar anuncios. Google puede usar cookies o identificadores de dispositivo para personalizar los anuncios que ve en funci\u00f3n de sus visitas anteriores a este y otros sitios web.<\/p>\n\n\n\n<p>Para obtener m\u00e1s informaci\u00f3n sobre c\u00f3mo utiliza Google los datos, visita:<br><a href=\"https:\/\/policies.google.com\/technologies\/ads\">https:\/\/policies.google.com\/technologies\/ads<\/a><\/p>\n\n\n\n<p>Puede optar por no recibir publicidad personalizada visitando:<br><a href=\"https:\/\/adssettings.google.com\/authenticated\">https:\/\/adssettings.google.com\/authenticated<\/a><\/p>\n\n\n\n<h2 class=\"wp-block-heading\">6. Retenci\u00f3n de datos<\/h2>\n\n\n\n<p>Conservaremos su informaci\u00f3n personal solo el tiempo que sea necesario para los fines descritos en esta Pol\u00edtica de Privacidad o seg\u00fan lo requieran las leyes aplicables.<\/p>\n\n\n\n<p>Una vez que los datos ya no son necesarios, se eliminan de forma segura o se anonimizan.<\/p>\n\n\n\n<h2 class=\"wp-block-heading\">7. Seguridad de los datos<\/h2>\n\n\n\n<p>Implementamos diversas medidas de seguridad administrativas y t\u00e9cnicas para proteger sus datos personales. Estas incluyen:<\/p>\n\n\n\n<ul class=\"wp-block-list\">\n<li>Cifrado SSL<\/li>\n\n\n\n<li>Cortafuegos y protecci\u00f3n contra malware<\/li>\n\n\n\n<li>Acceso restringido a los datos almacenados<\/li>\n<\/ul>\n\n\n\n<p>Tenga en cuenta que no se garantiza que ninguna transmisi\u00f3n electr\u00f3nica a trav\u00e9s de Internet ni ninguna tecnolog\u00eda de almacenamiento de informaci\u00f3n sea segura.<\/p>\n\n\n\n<h2 class=\"wp-block-heading\">8. Sus derechos de privacidad<\/h2>\n\n\n\n<p>Dependiendo de su ubicaci\u00f3n, usted puede tener los siguientes derechos:<\/p>\n\n\n\n<ul class=\"wp-block-list\">\n<li><strong>Acceso:<\/strong> Tiene derecho a solicitar una copia de los datos personales que tenemos sobre usted.<\/li>\n\n\n\n<li><strong>Correcci\u00f3n:<\/strong> Puede solicitarnos que corrijamos datos inexactos o incompletos.<\/li>\n\n\n\n<li><strong>Supresi\u00f3n:<\/strong> Puede solicitar que eliminemos su informaci\u00f3n personal, sujeto a obligaciones legales.<\/li>\n\n\n\n<li><strong>Objeci\u00f3n:<\/strong> Puede oponerse a determinados tipos de procesamiento de datos, como el marketing directo.<\/li>\n\n\n\n<li><strong>Retirar el consentimiento:<\/strong> Podr\u00e1s retirar tu consentimiento para el tratamiento de tus datos en cualquier momento.<\/li>\n<\/ul>\n\n\n\n<p>Para ejercer cualquiera de estos derechos, env\u00edenos un correo electr\u00f3nico a <strong><a>soporte.ads@wpracetech.com<\/a><\/strong>.<\/p>\n\n\n\n<h2 class=\"wp-block-heading\">9. Transferencias internacionales de datos<\/h2>\n\n\n\n<p>Nuestro sitio web est\u00e1 alojado en servidores que pueden estar ubicados fuera de su pa\u00eds de residencia. Al utilizar nuestros servicios, usted acepta que sus datos puedan ser transferidos y procesados en pa\u00edses distintos del suyo, de acuerdo con esta Pol\u00edtica de Privacidad.<\/p>\n\n\n\n<p>Nos aseguramos de que dichas transferencias de datos est\u00e9n protegidas por las garant\u00edas adecuadas seg\u00fan las leyes internacionales de privacidad, incluido el RGPD cuando corresponda.<\/p>\n\n\n\n<h2 class=\"wp-block-heading\">10. Privacidad de los ni\u00f1os<\/h2>\n\n\n\n<p>Nuestro sitio web no est\u00e1 dirigido a menores de 13 a\u00f1os. No recopilamos ni solicitamos informaci\u00f3n de menores a sabiendas. Si detectamos que hemos recopilado datos personales de un menor de 13 a\u00f1os, tomaremos medidas para eliminarlos de inmediato.<\/p>\n\n\n\n<h2 class=\"wp-block-heading\">11. Cambios a esta Pol\u00edtica de Privacidad<\/h2>\n\n\n\n<p>Podemos actualizar esta Pol\u00edtica de Privacidad peri\u00f3dicamente. Cualquier cambio se publicar\u00e1 en esta p\u00e1gina con una &quot;Fecha de Vigencia&quot; revisada. Le recomendamos que revise esta p\u00e1gina peri\u00f3dicamente para mantenerse informado sobre c\u00f3mo protegemos su informaci\u00f3n.<\/p>\n\n\n\n<p>Su uso continuado de nuestro sitio web despu\u00e9s de la publicaci\u00f3n de los cambios significa que usted acepta y est\u00e1 de acuerdo con la pol\u00edtica actualizada.<\/p>\n\n\n\n<h2 class=\"wp-block-heading\">12. Informaci\u00f3n de contacto<\/h2>\n\n\n\n<p>Si tiene alguna pregunta, inquietud o solicitud relacionada con esta Pol\u00edtica de Privacidad o sus datos, cont\u00e1ctenos por correo electr\u00f3nico a:<\/p>\n\n\n\n<p><strong>Correo electr\u00f3nico:<\/strong> <a>soporte.ads@wpracetech.com<\/a><\/p>","protected":false},"excerpt":{"rendered":"<p>Effective Date: 02\/03.\/025 At Wpracetech, we are committed to protecting your personal information and your right to privacy. This Privacy Policy outlines how we collect, use, and safeguard your information when you visit our website [https:\/\/wpracetech.com] and use our services. If you have any questions or concerns about this policy or our practices, please contact&#8230;<\/p>","protected":false},"author":2,"featured_media":0,"parent":0,"menu_order":0,"comment_status":"closed","ping_status":"open","template":"","meta":{"_kad_post_transparent":"","_kad_post_title":"","_kad_post_layout":"","_kad_post_sidebar_id":"","_kad_post_content_style":"","_kad_post_vertical_padding":"","_kad_post_feature":"","_kad_post_feature_position":"","_kad_post_header":false,"_kad_post_footer":false,"footnotes":""},"class_list":["post-3","page","type-page","status-publish","hentry"],"yoast_head":"<!-- This site is optimized with the Yoast SEO plugin v27.4 - https:\/\/yoast.com\/product\/yoast-seo-wordpress\/ -->\n<title>Privacy Policy - wpracetech.com<\/title>\n<meta name=\"robots\" content=\"index, follow, max-snippet:-1, max-image-preview:large, max-video-preview:-1\" \/>\n<link rel=\"canonical\" href=\"https:\/\/wpracetech.com\/es_es\/privacy-policy\/\" \/>\n<meta property=\"og:locale\" content=\"es_MX\" \/>\n<meta property=\"og:type\" content=\"article\" \/>\n<meta property=\"og:title\" content=\"Privacy Policy - wpracetech.com\" \/>\n<meta property=\"og:description\" content=\"Effective Date: 02\/03.\/025 At Wpracetech, we are committed to protecting your personal information and your right to privacy. This Privacy Policy outlines how we collect, use, and safeguard your information when you visit our website [https:\/\/wpracetech.com] and use our services. If you have any questions or concerns about this policy or our practices, please contact...\" \/>\n<meta property=\"og:url\" content=\"https:\/\/wpracetech.com\/es_es\/privacy-policy\/\" \/>\n<meta property=\"og:site_name\" content=\"wpracetech.com\" \/>\n<meta property=\"article:modified_time\" content=\"2025-06-03T16:54:06+00:00\" \/>\n<meta name=\"twitter:card\" content=\"summary_large_image\" \/>\n<meta name=\"twitter:label1\" content=\"Tiempo de lectura\" \/>\n\t<meta name=\"twitter:data1\" content=\"5 minutos\" \/>\n<script type=\"application\/ld+json\" class=\"yoast-schema-graph\">{\"@context\":\"https:\\\/\\\/schema.org\",\"@graph\":[{\"@type\":\"WebPage\",\"@id\":\"https:\\\/\\\/wpracetech.com\\\/privacy-policy\\\/\",\"url\":\"https:\\\/\\\/wpracetech.com\\\/privacy-policy\\\/\",\"name\":\"Privacy Policy - wpracetech.com\",\"isPartOf\":{\"@id\":\"https:\\\/\\\/wpracetech.com\\\/#website\"},\"datePublished\":\"2025-06-02T18:07:00+00:00\",\"dateModified\":\"2025-06-03T16:54:06+00:00\",\"breadcrumb\":{\"@id\":\"https:\\\/\\\/wpracetech.com\\\/privacy-policy\\\/#breadcrumb\"},\"inLanguage\":\"es\",\"potentialAction\":[{\"@type\":\"ReadAction\",\"target\":[\"https:\\\/\\\/wpracetech.com\\\/privacy-policy\\\/\"]}]},{\"@type\":\"BreadcrumbList\",\"@id\":\"https:\\\/\\\/wpracetech.com\\\/privacy-policy\\\/#breadcrumb\",\"itemListElement\":[{\"@type\":\"ListItem\",\"position\":1,\"name\":\"In\u00edcio\",\"item\":\"https:\\\/\\\/wpracetech.com\\\/\"},{\"@type\":\"ListItem\",\"position\":2,\"name\":\"Privacy Policy\"}]},{\"@type\":\"WebSite\",\"@id\":\"https:\\\/\\\/wpracetech.com\\\/#website\",\"url\":\"https:\\\/\\\/wpracetech.com\\\/\",\"name\":\"wpracetech.com\",\"description\":\"\",\"potentialAction\":[{\"@type\":\"SearchAction\",\"target\":{\"@type\":\"EntryPoint\",\"urlTemplate\":\"https:\\\/\\\/wpracetech.com\\\/?s={search_term_string}\"},\"query-input\":{\"@type\":\"PropertyValueSpecification\",\"valueRequired\":true,\"valueName\":\"search_term_string\"}}],\"inLanguage\":\"es\"}]}<\/script>\n<!-- \/ Yoast SEO plugin. -->","yoast_head_json":{"title":"Privacy Policy - wpracetech.com","robots":{"index":"index","follow":"follow","max-snippet":"max-snippet:-1","max-image-preview":"max-image-preview:large","max-video-preview":"max-video-preview:-1"},"canonical":"https:\/\/wpracetech.com\/es_es\/privacy-policy\/","og_locale":"es_MX","og_type":"article","og_title":"Privacy Policy - wpracetech.com","og_description":"Effective Date: 02\/03.\/025 At Wpracetech, we are committed to protecting your personal information and your right to privacy. This Privacy Policy outlines how we collect, use, and safeguard your information when you visit our website [https:\/\/wpracetech.com] and use our services. If you have any questions or concerns about this policy or our practices, please contact...","og_url":"https:\/\/wpracetech.com\/es_es\/privacy-policy\/","og_site_name":"wpracetech.com","article_modified_time":"2025-06-03T16:54:06+00:00","twitter_card":"summary_large_image","twitter_misc":{"Tiempo de lectura":"5 minutos"},"schema":{"@context":"https:\/\/schema.org","@graph":[{"@type":"WebPage","@id":"https:\/\/wpracetech.com\/privacy-policy\/","url":"https:\/\/wpracetech.com\/privacy-policy\/","name":"Privacy Policy - wpracetech.com","isPartOf":{"@id":"https:\/\/wpracetech.com\/#website"},"datePublished":"2025-06-02T18:07:00+00:00","dateModified":"2025-06-03T16:54:06+00:00","breadcrumb":{"@id":"https:\/\/wpracetech.com\/privacy-policy\/#breadcrumb"},"inLanguage":"es","potentialAction":[{"@type":"ReadAction","target":["https:\/\/wpracetech.com\/privacy-policy\/"]}]},{"@type":"BreadcrumbList","@id":"https:\/\/wpracetech.com\/privacy-policy\/#breadcrumb","itemListElement":[{"@type":"ListItem","position":1,"name":"In\u00edcio","item":"https:\/\/wpracetech.com\/"},{"@type":"ListItem","position":2,"name":"Privacy Policy"}]},{"@type":"WebSite","@id":"https:\/\/wpracetech.com\/#website","url":"https:\/\/wpracetech.com\/","name":"wpracetech.com","description":"","potentialAction":[{"@type":"SearchAction","target":{"@type":"EntryPoint","urlTemplate":"https:\/\/wpracetech.com\/?s={search_term_string}"},"query-input":{"@type":"PropertyValueSpecification","valueRequired":true,"valueName":"search_term_string"}}],"inLanguage":"es"}]}},"_links":{"self":[{"href":"https:\/\/wpracetech.com\/es_es\/wp-json\/wp\/v2\/pages\/3","targetHints":{"allow":["GET"]}}],"collection":[{"href":"https:\/\/wpracetech.com\/es_es\/wp-json\/wp\/v2\/pages"}],"about":[{"href":"https:\/\/wpracetech.com\/es_es\/wp-json\/wp\/v2\/types\/page"}],"author":[{"embeddable":true,"href":"https:\/\/wpracetech.com\/es_es\/wp-json\/wp\/v2\/users\/2"}],"replies":[{"embeddable":true,"href":"https:\/\/wpracetech.com\/es_es\/wp-json\/wp\/v2\/comments?post=3"}],"version-history":[{"count":3,"href":"https:\/\/wpracetech.com\/es_es\/wp-json\/wp\/v2\/pages\/3\/revisions"}],"predecessor-version":[{"id":81,"href":"https:\/\/wpracetech.com\/es_es\/wp-json\/wp\/v2\/pages\/3\/revisions\/81"}],"wp:attachment":[{"href":"https:\/\/wpracetech.com\/es_es\/wp-json\/wp\/v2\/media?parent=3"}],"curies":[{"name":"gracias","href":"https:\/\/api.w.org\/{rel}","templated":true}]}}